{"id":309550,"date":"2024-04-27T11:20:22","date_gmt":"2024-04-27T11:20:22","guid":{"rendered":"http:\/\/v4v14nru.web5.alfahosting-server.de\/beltane-de-dev\/?page_id=309550"},"modified":"2024-08-18T10:13:59","modified_gmt":"2024-08-18T10:13:59","slug":"fix-fuer-salat","status":"publish","type":"page","link":"http:\/\/v4v14nru.web5.alfahosting-server.de\/beltane-de-dev\/home\/fix-fuer-salat\/","title":{"rendered":"Fix f\u00fcr Salat"},"content":{"rendered":"<p>[et_pb_section fb_built=&#8220;1&#8243; fullwidth=&#8220;on&#8220; _builder_version=&#8220;4.25.1&#8243; _module_preset=&#8220;default&#8220; global_colors_info=&#8220;{}&#8220;][et_pb_fullwidth_image src=&#8220;http:\/\/v4v14nru.web5.alfahosting-server.de\/beltane-de-dev\/wp-content\/uploads\/2024\/08\/Header-Home-Beltane-Biofix.jpg&#8220; title_text=&#8220;Header-Home-Beltane-Biofix&#8220; _builder_version=&#8220;4.27.0&#8243; _module_preset=&#8220;default&#8220; min_height=&#8220;634px&#8220; custom_margin=&#8220;||-5px|||&#8220; custom_padding=&#8220;||0px|||&#8220; border_color_all=&#8220;RGBA(255,255,255,0)&#8220; global_colors_info=&#8220;{}&#8220;][\/et_pb_fullwidth_image][\/et_pb_section][et_pb_section fb_built=&#8220;1&#8243; admin_label=&#8220;Service&#8220; _builder_version=&#8220;4.27.0&#8243; _module_preset=&#8220;default&#8220; background_image=&#8220;http:\/\/v4v14nru.web5.alfahosting-server.de\/beltane-de-dev\/wp-content\/uploads\/2024\/08\/Beltane-Hintergrund.jpg&#8220; min_height=&#8220;525.3px&#8220; custom_padding=&#8220;111px||0px|||&#8220; hover_enabled=&#8220;0&#8243; saved_tabs=&#8220;all&#8220; collapsed=&#8220;off&#8220; global_colors_info=&#8220;{}&#8220; title_text=&#8220;Beltane-Hintergrund&#8220; sticky_enabled=&#8220;0&#8243;][et_pb_row column_structure=&#8220;1_3,1_3,1_3&#8243; make_equal=&#8220;on&#8220; _builder_version=&#8220;4.27.0&#8243; _module_preset=&#8220;default&#8220; width=&#8220;100%&#8220; custom_padding=&#8220;1px||0px|||&#8220; locked=&#8220;off&#8220; global_colors_info=&#8220;{}&#8220;][et_pb_column type=&#8220;1_3&#8243; _builder_version=&#8220;4.17.4&#8243; _module_preset=&#8220;default&#8220; global_colors_info=&#8220;{}&#8220;][et_pb_text _builder_version=&#8220;4.25.1&#8243; _module_preset=&#8220;default&#8220; text_font=&#8220;Libre Franklin||||||||&#8220; text_line_height=&#8220;1.6em&#8220; text_font_size_tablet=&#8220;15px&#8220; text_font_size_phone=&#8220;14px&#8220; text_font_size_last_edited=&#8220;on|phone&#8220; header_font_size_tablet=&#8220;55px&#8220; header_font_size_last_edited=&#8220;off|desktop&#8220; global_colors_info=&#8220;{}&#8220;]<\/p>\n<h4><b>Einfach der perfekte Salatgenuss<\/b><\/h4>\n<p>Beltane Fix f\u00fcr Salat schenkt mit den 6 verschiedenen Varianten jeder Salatbowl den besonderen Genuss.<span class=\"Apple-converted-space\">\u00a0<\/span><\/p>\n<p>Die W\u00fcrzmischungen sind aromatisch fein abgestimmt und schnell zubereitet: einfach Wasser, Essig und \u00d6l dazu geben und schon ist das Salatdressing fertig.<span class=\"Apple-converted-space\">\u00a0<\/span><\/p>\n<p>Duftige Wildkr\u00e4uter mit Himbeeren, klassische Gartenkr\u00e4uter, deftige Zwiebelkr\u00e4uter, aromatische Gartenkr\u00e4uter, eine Dillvariante und das frische Paprikadressing!<span class=\"Apple-converted-space\">\u00a0<\/span><\/p>\n<p>Eine Geschmacksvielfalt, die der ganzen Familie Freude macht.<\/p>\n<p>[\/et_pb_text][et_pb_image src=&#8220;http:\/\/v4v14nru.web5.alfahosting-server.de\/beltane-de-dev\/wp-content\/uploads\/2024\/05\/Beltane-Icons-Allergene.png&#8220; title_text=&#8220;Beltane-Icons-Allergene&#8220; _builder_version=&#8220;4.27.0&#8243; _module_preset=&#8220;default&#8220; transform_scale=&#8220;78%|78%&#8220; transform_translate=&#8220;-75px|-85px&#8220; transform_translate_linked=&#8220;off&#8220; global_colors_info=&#8220;{}&#8220;][\/et_pb_image][\/et_pb_column][et_pb_column type=&#8220;1_3&#8243; _builder_version=&#8220;4.17.4&#8243; _module_preset=&#8220;default&#8220; global_colors_info=&#8220;{}&#8220;][et_pb_image src=&#8220;http:\/\/v4v14nru.web5.alfahosting-server.de\/beltane-de-dev\/wp-content\/uploads\/2024\/08\/Fix-fuer-Salat-Button.png&#8220; title_text=&#8220;Fix-fuer-Salat-Button&#8220; _builder_version=&#8220;4.27.0&#8243; _module_preset=&#8220;default&#8220; transform_scale=&#8220;77%|77%&#8220; transform_translate=&#8220;0px|-36px&#8220; transform_translate_linked=&#8220;off&#8220; global_colors_info=&#8220;{}&#8220;][\/et_pb_image][et_pb_image src=&#8220;http:\/\/v4v14nru.web5.alfahosting-server.de\/beltane-de-dev\/wp-content\/uploads\/2024\/03\/Icons_Startseite_SalateHCShrbaZ0QId9_800x800@2x.png&#8220; title_text=&#8220;Icons_Startseite_SalateHCShrbaZ0QId9_800x800@2x&#8220; _builder_version=&#8220;4.27.0&#8243; _module_preset=&#8220;default&#8220; transform_scale=&#8220;70%|70%&#8220; transform_translate=&#8220;0px|-204px&#8220; transform_translate_linked=&#8220;off&#8220; custom_padding=&#8220;101px|||||&#8220; global_colors_info=&#8220;{}&#8220;][\/et_pb_image][\/et_pb_column][et_pb_column type=&#8220;1_3&#8243; _builder_version=&#8220;4.17.4&#8243; _module_preset=&#8220;default&#8220; global_colors_info=&#8220;{}&#8220;][et_pb_text _builder_version=&#8220;4.25.0&#8243; _module_preset=&#8220;default&#8220; header_5_font=&#8220;Poppins|600|||||||&#8220; header_5_text_color=&#8220;#73C345&#8243; header_5_line_height=&#8220;1.5em&#8220; min_height=&#8220;7px&#8220; custom_margin=&#8220;-4px||10px||false|false&#8220; header_5_font_size_tablet=&#8220;15px&#8220; header_5_font_size_phone=&#8220;14px&#8220; header_5_font_size_last_edited=&#8220;on|desktop&#8220; border_color_all=&#8220;#73C345&#8243; border_width_bottom=&#8220;1px&#8220; locked=&#8220;off&#8220; global_colors_info=&#8220;{}&#8220;]<\/p>\n<p class=\"p1\"><strong>Die Zubereitung gestaltet sich denkbar unkompliziert:<\/strong><\/p>\n<p>[\/et_pb_text][et_pb_text _builder_version=&#8220;4.25.0&#8243; _module_preset=&#8220;default&#8220; text_font=&#8220;||||||||&#8220; text_font_size=&#8220;13px&#8220; custom_margin=&#8220;||3.4%||false|false&#8220; custom_margin_tablet=&#8220;||30px||false|false&#8220; custom_margin_phone=&#8220;||30px||false|false&#8220; custom_margin_last_edited=&#8220;on|tablet&#8220; custom_padding=&#8220;||3px|||&#8220; header_font_size_tablet=&#8220;55px&#8220; header_font_size_last_edited=&#8220;off|desktop&#8220; locked=&#8220;off&#8220; global_colors_info=&#8220;{}&#8220;]<\/p>\n<p class=\"p1\">Einfach die W\u00fcrzmischung mit Wasser, Essig und \u00d6l vermengen, und schon ist das k\u00f6stliche Dressing fertig. Diese schnelle und praktische L\u00f6sung spart Zeit in der K\u00fcche und erm\u00f6glicht es, im Handumdrehen eine leckere und gesunde Mahlzeit zuzubereiten.<\/p>\n<p>[\/et_pb_text][et_pb_divider show_divider=&#8220;off&#8220; _builder_version=&#8220;4.24.3&#8243; _module_preset=&#8220;default&#8220; custom_padding=&#8220;||25px|||&#8220; global_colors_info=&#8220;{}&#8220;][\/et_pb_divider][et_pb_text _builder_version=&#8220;4.25.0&#8243; _module_preset=&#8220;default&#8220; header_5_font=&#8220;Poppins|600|||||||&#8220; header_5_text_color=&#8220;#73C345&#8243; header_5_line_height=&#8220;1.5em&#8220; custom_margin=&#8220;||10px||false|false&#8220; header_5_font_size_tablet=&#8220;15px&#8220; header_5_font_size_phone=&#8220;14px&#8220; header_5_font_size_last_edited=&#8220;on|desktop&#8220; border_color_all=&#8220;#73C345&#8243; border_width_bottom=&#8220;1px&#8220; locked=&#8220;off&#8220; global_colors_info=&#8220;{}&#8220;]<\/p>\n<p class=\"p2\"><b>Beltane Fix f\u00fcr Salat genie\u00dfen<\/b><\/p>\n<p>[\/et_pb_text][et_pb_text _builder_version=&#8220;4.25.1&#8243; _module_preset=&#8220;default&#8220; text_font=&#8220;||||||||&#8220; text_font_size=&#8220;13px&#8220; custom_margin=&#8220;||12%||false|false&#8220; custom_margin_tablet=&#8220;||30px||false|false&#8220; custom_margin_phone=&#8220;||30px||false|false&#8220; custom_margin_last_edited=&#8220;on|tablet&#8220; header_font_size_tablet=&#8220;55px&#8220; header_font_size_last_edited=&#8220;off|desktop&#8220; locked=&#8220;off&#8220; global_colors_info=&#8220;{}&#8220;]<\/p>\n<ul>\n<li><span><\/span>Pro Packung sind 3 Beutel enthalten.<\/li>\n<li><span><\/span>Jeder Beutel ergibt 120 ml frisches Dressing.<\/li>\n<li><span><\/span>Frei von zugesetztem Zucker und Aromen.<\/li>\n<li><span><\/span>Einfach anr\u00fchren mit Wasser, Essig und \u00d6l.<\/li>\n<li><span><\/span>Ein Rezepttipp auf jeder Packung.<\/li>\n<li><span><\/span>Kinderleicht und Kinderlecker.<\/li>\n<\/ul>\n<p>[\/et_pb_text][\/et_pb_column][\/et_pb_row][\/et_pb_section][et_pb_section fb_built=&#8220;1&#8243; fullwidth=&#8220;on&#8220; _builder_version=&#8220;4.27.0&#8243; _module_preset=&#8220;default&#8220; height=&#8220;800px&#8220; top_divider_style=&#8220;arrow2&#8243; top_divider_color=&#8220;gcid-86e0e939-2c75-4117-936f-1ddaf39f4182&#8243; global_colors_info=&#8220;{%22gcid-86e0e939-2c75-4117-936f-1ddaf39f4182%22:%91%22top_divider_color%22%93}&#8220;][et_pb_fullwidth_image src=&#8220;http:\/\/v4v14nru.web5.alfahosting-server.de\/beltane-de-dev\/wp-content\/uploads\/2024\/08\/Beltane-Salatbowl.jpg&#8220; title_text=&#8220;Beltane-Salatbowl&#8220; _builder_version=&#8220;4.27.0&#8243; _module_preset=&#8220;default&#8220; custom_padding=&#8220;2px|||||&#8220; global_colors_info=&#8220;{}&#8220;][\/et_pb_fullwidth_image][\/et_pb_section][et_pb_section fb_built=&#8220;1&#8243; _builder_version=&#8220;4.27.0&#8243; _module_preset=&#8220;default&#8220; background_image=&#8220;http:\/\/v4v14nru.web5.alfahosting-server.de\/beltane-de-dev\/wp-content\/uploads\/2024\/08\/Beltane-Hintergrund.jpg&#8220; min_height=&#8220;392px&#8220; custom_margin=&#8220;-209px||-105px|||&#8220; custom_padding=&#8220;111px||0px|||&#8220; hover_enabled=&#8220;0&#8243; global_colors_info=&#8220;{}&#8220; title_text=&#8220;Beltane-Hintergrund&#8220; sticky_enabled=&#8220;0&#8243;][et_pb_row _builder_version=&#8220;4.24.3&#8243; _module_preset=&#8220;default&#8220; global_colors_info=&#8220;{}&#8220;][et_pb_column type=&#8220;4_4&#8243; _builder_version=&#8220;4.24.3&#8243; _module_preset=&#8220;default&#8220; global_colors_info=&#8220;{}&#8220;][et_pb_text _builder_version=&#8220;4.24.3&#8243; _module_preset=&#8220;e6504a1b-67eb-4b3d-b023-bcab277610b6&#8243; header_4_font=&#8220;Libre Franklin|700||on|||||&#8220; header_4_text_color=&#8220;#73C345&#8243; header_4_font_size=&#8220;14px&#8220; header_4_letter_spacing=&#8220;0.15em&#8220; header_4_line_height=&#8220;1.5em&#8220; custom_margin=&#8220;-37px||0px||false|false&#8220; global_colors_info=&#8220;{}&#8220;]<\/p>\n<h4 style=\"text-align: center;\">Beltane<\/h4>\n<p>[\/et_pb_text][et_pb_text _builder_version=&#8220;4.25.0&#8243; _module_preset=&#8220;default&#8220; header_font=&#8220;|700|||||||&#8220; header_font_size=&#8220;42px&#8220; header_2_font=&#8220;|600|||||||&#8220; header_2_font_size=&#8220;32px&#8220; min_height=&#8220;91px&#8220; global_colors_info=&#8220;{}&#8220;]<\/p>\n<h2 style=\"text-align: center;\">Fix f\u00fcr Salat SORTIMENT<\/h2>\n<p>[\/et_pb_text][\/et_pb_column][\/et_pb_row][\/et_pb_section][et_pb_section fb_built=&#8220;1&#8243; next_background_color=&#8220;#ffffff&#8220; admin_label=&#8220;Gallery Section&#8220; _builder_version=&#8220;4.27.0&#8243; background_image=&#8220;http:\/\/v4v14nru.web5.alfahosting-server.de\/beltane-de-dev\/wp-content\/uploads\/2024\/08\/Beltane-Hintergrund.jpg&#8220; custom_padding=&#8220;0px||0px||false|&#8220; bottom_divider_style=&#8220;slant2&#8243; hover_enabled=&#8220;0&#8243; global_colors_info=&#8220;{}&#8220; title_text=&#8220;Beltane-Hintergrund&#8220; sticky_enabled=&#8220;0&#8243;][et_pb_row column_structure=&#8220;1_3,1_3,1_3&#8243; _builder_version=&#8220;4.25.1&#8243; _module_preset=&#8220;default&#8220; transform_scale=&#8220;88%|88%&#8220; min_height=&#8220;712px&#8220; custom_margin=&#8220;|auto|70px|auto||&#8220; global_colors_info=&#8220;{}&#8220;][et_pb_column type=&#8220;1_3&#8243; _builder_version=&#8220;4.25.1&#8243; _module_preset=&#8220;default&#8220; global_colors_info=&#8220;{}&#8220;][et_pb_image src=&#8220;http:\/\/v4v14nru.web5.alfahosting-server.de\/beltane-de-dev\/wp-content\/uploads\/2024\/05\/Beltane_Fix-fuer-Salat_Dillkraeuter_web.png&#8220; title_text=&#8220;Beltane_Fix-fuer-Salat_Dillkraeuter_web&#8220; _builder_version=&#8220;4.25.1&#8243; _module_preset=&#8220;default&#8220; global_colors_info=&#8220;{}&#8220;][\/et_pb_image][\/et_pb_column][et_pb_column type=&#8220;1_3&#8243; _builder_version=&#8220;4.25.1&#8243; _module_preset=&#8220;default&#8220; global_colors_info=&#8220;{}&#8220;][et_pb_image src=&#8220;http:\/\/v4v14nru.web5.alfahosting-server.de\/beltane-de-dev\/wp-content\/uploads\/2024\/05\/Beltane_Fix-fuer-Salat_Zwiebelkraeuter_web.png&#8220; title_text=&#8220;Beltane_Fix-fuer-Salat_Zwiebelkraeuter_web&#8220; _builder_version=&#8220;4.25.1&#8243; _module_preset=&#8220;default&#8220; global_colors_info=&#8220;{}&#8220;][\/et_pb_image][\/et_pb_column][et_pb_column type=&#8220;1_3&#8243; _builder_version=&#8220;4.25.1&#8243; _module_preset=&#8220;default&#8220; global_colors_info=&#8220;{}&#8220;][et_pb_image src=&#8220;http:\/\/v4v14nru.web5.alfahosting-server.de\/beltane-de-dev\/wp-content\/uploads\/2024\/05\/Beltane_Fix-fuer-Salat_Wildkraeuter-mit-Himbeeren_web.png&#8220; title_text=&#8220;Beltane_Fix-fuer-Salat_Wildkraeuter-mit-Himbeeren_web&#8220; _builder_version=&#8220;4.25.1&#8243; _module_preset=&#8220;default&#8220; global_colors_info=&#8220;{}&#8220;][\/et_pb_image][\/et_pb_column][\/et_pb_row][\/et_pb_section][et_pb_section fb_built=&#8220;1&#8243; _builder_version=&#8220;4.25.1&#8243; _module_preset=&#8220;default&#8220; background_enable_image=&#8220;off&#8220; min_height=&#8220;559px&#8220; custom_margin=&#8220;1px|||||&#8220; custom_padding=&#8220;4px|||||&#8220; global_colors_info=&#8220;{}&#8220;][et_pb_row column_structure=&#8220;1_3,1_3,1_3&#8243; _builder_version=&#8220;4.25.1&#8243; _module_preset=&#8220;default&#8220; transform_scale=&#8220;88%|88%&#8220; custom_padding=&#8220;||106px|||&#8220; global_colors_info=&#8220;{}&#8220;][et_pb_column type=&#8220;1_3&#8243; _builder_version=&#8220;4.25.1&#8243; _module_preset=&#8220;default&#8220; global_colors_info=&#8220;{}&#8220;][et_pb_image src=&#8220;http:\/\/v4v14nru.web5.alfahosting-server.de\/beltane-de-dev\/wp-content\/uploads\/2024\/05\/Beltane_Fix-fuer-Salat_Paprikakraeuter_web.png&#8220; title_text=&#8220;Beltane_Fix-fuer-Salat_Paprikakraeuter_web&#8220; _builder_version=&#8220;4.25.1&#8243; _module_preset=&#8220;default&#8220; global_colors_info=&#8220;{}&#8220;][\/et_pb_image][\/et_pb_column][et_pb_column type=&#8220;1_3&#8243; _builder_version=&#8220;4.25.1&#8243; _module_preset=&#8220;default&#8220; global_colors_info=&#8220;{}&#8220;][et_pb_image src=&#8220;http:\/\/v4v14nru.web5.alfahosting-server.de\/beltane-de-dev\/wp-content\/uploads\/2024\/05\/Beltane_Fix-fuer-Salat_Italienische-Kraeuter_web.png&#8220; title_text=&#8220;Beltane_Fix-fuer-Salat_Italienische-Kraeuter_web&#8220; _builder_version=&#8220;4.25.1&#8243; _module_preset=&#8220;default&#8220; global_colors_info=&#8220;{}&#8220;][\/et_pb_image][\/et_pb_column][et_pb_column type=&#8220;1_3&#8243; _builder_version=&#8220;4.25.1&#8243; _module_preset=&#8220;default&#8220; global_colors_info=&#8220;{}&#8220;][et_pb_image src=&#8220;http:\/\/v4v14nru.web5.alfahosting-server.de\/beltane-de-dev\/wp-content\/uploads\/2024\/05\/Beltane_Fix-fuer-Salat_Gartenkraeuter_web.png&#8220; title_text=&#8220;Beltane_Fix-fuer-Salat_Gartenkraeuter_web&#8220; _builder_version=&#8220;4.25.1&#8243; _module_preset=&#8220;default&#8220; global_colors_info=&#8220;{}&#8220;][\/et_pb_image][\/et_pb_column][\/et_pb_row][\/et_pb_section][et_pb_section fb_built=&#8220;1&#8243; _builder_version=&#8220;4.24.3&#8243; _module_preset=&#8220;default&#8220; background_image=&#8220;http:\/\/v4v14nru.web5.alfahosting-server.de\/beltane-de-dev\/wp-content\/uploads\/2024\/04\/Beltane-Bio-Gewuerze-Hintergrund-Papier.jpg&#8220; custom_margin=&#8220;-50px||-88px|||&#8220; custom_padding=&#8220;0px||0px|||&#8220; global_colors_info=&#8220;{}&#8220;][\/et_pb_section]<\/p>\n","protected":false},"excerpt":{"rendered":"<p>Einfach der perfekte Salatgenuss Beltane Fix f\u00fcr Salat schenkt mit den 6 verschiedenen Varianten jeder Salatbowl den besonderen Genuss.\u00a0 Die W\u00fcrzmischungen sind aromatisch fein abgestimmt und schnell zubereitet: einfach Wasser, Essig und \u00d6l dazu geben und schon ist das Salatdressing fertig.\u00a0 Duftige Wildkr\u00e4uter mit Himbeeren, klassische Gartenkr\u00e4uter, deftige Zwiebelkr\u00e4uter, aromatische Gartenkr\u00e4uter, eine Dillvariante und das [&hellip;]<\/p>\n","protected":false},"author":1,"featured_media":0,"parent":49,"menu_order":0,"comment_status":"closed","ping_status":"closed","template":"","meta":{"_et_pb_use_builder":"on","_et_pb_old_content":"","_et_gb_content_width":"","footnotes":""},"class_list":["post-309550","page","type-page","status-publish","hentry"],"_links":{"self":[{"href":"http:\/\/v4v14nru.web5.alfahosting-server.de\/beltane-de-dev\/wp-json\/wp\/v2\/pages\/309550","targetHints":{"allow":["GET"]}}],"collection":[{"href":"http:\/\/v4v14nru.web5.alfahosting-server.de\/beltane-de-dev\/wp-json\/wp\/v2\/pages"}],"about":[{"href":"http:\/\/v4v14nru.web5.alfahosting-server.de\/beltane-de-dev\/wp-json\/wp\/v2\/types\/page"}],"author":[{"embeddable":true,"href":"http:\/\/v4v14nru.web5.alfahosting-server.de\/beltane-de-dev\/wp-json\/wp\/v2\/users\/1"}],"replies":[{"embeddable":true,"href":"http:\/\/v4v14nru.web5.alfahosting-server.de\/beltane-de-dev\/wp-json\/wp\/v2\/comments?post=309550"}],"version-history":[{"count":2,"href":"http:\/\/v4v14nru.web5.alfahosting-server.de\/beltane-de-dev\/wp-json\/wp\/v2\/pages\/309550\/revisions"}],"predecessor-version":[{"id":310634,"href":"http:\/\/v4v14nru.web5.alfahosting-server.de\/beltane-de-dev\/wp-json\/wp\/v2\/pages\/309550\/revisions\/310634"}],"up":[{"embeddable":true,"href":"http:\/\/v4v14nru.web5.alfahosting-server.de\/beltane-de-dev\/wp-json\/wp\/v2\/pages\/49"}],"wp:attachment":[{"href":"http:\/\/v4v14nru.web5.alfahosting-server.de\/beltane-de-dev\/wp-json\/wp\/v2\/media?parent=309550"}],"curies":[{"name":"wp","href":"https:\/\/api.w.org\/{rel}","templated":true}]}}