{"id":916,"date":"2024-04-22T22:28:07","date_gmt":"2024-04-22T22:28:07","guid":{"rendered":"http:\/\/v4v14nru.web5.alfahosting-server.de\/beltane-de-dev\/?page_id=916"},"modified":"2024-08-18T10:12:09","modified_gmt":"2024-08-18T10:12:09","slug":"grill-wok","status":"publish","type":"page","link":"http:\/\/v4v14nru.web5.alfahosting-server.de\/beltane-de-dev\/home\/grill-wok\/","title":{"rendered":"Grill &#038; Wok"},"content":{"rendered":"<p>[et_pb_section fb_built=&#8220;1&#8243; fullwidth=&#8220;on&#8220; _builder_version=&#8220;4.27.0&#8243; _module_preset=&#8220;default&#8220; global_colors_info=&#8220;{}&#8220;][et_pb_fullwidth_image src=&#8220;http:\/\/v4v14nru.web5.alfahosting-server.de\/beltane-de-dev\/wp-content\/uploads\/2024\/08\/Beltane-GrillandWok-Header.jpg&#8220; title_text=&#8220;Beltane-GrillandWok-Header&#8220; _builder_version=&#8220;4.27.0&#8243; _module_preset=&#8220;default&#8220; global_colors_info=&#8220;{}&#8220;][\/et_pb_fullwidth_image][\/et_pb_section][et_pb_section fb_built=&#8220;1&#8243; admin_label=&#8220;Service&#8220; _builder_version=&#8220;4.27.0&#8243; _module_preset=&#8220;default&#8220; background_image=&#8220;http:\/\/v4v14nru.web5.alfahosting-server.de\/beltane-de-dev\/wp-content\/uploads\/2024\/08\/Beltane-Hintergrund.jpg&#8220; min_height=&#8220;782.6px&#8220; custom_margin=&#8220;-11px|||||&#8220; custom_padding=&#8220;111px||111px|||&#8220; hover_enabled=&#8220;0&#8243; saved_tabs=&#8220;all&#8220; collapsed=&#8220;off&#8220; global_colors_info=&#8220;{}&#8220; title_text=&#8220;Beltane-Hintergrund&#8220; sticky_enabled=&#8220;0&#8243;][et_pb_row column_structure=&#8220;1_3,1_3,1_3&#8243; use_custom_gutter=&#8220;on&#8220; make_equal=&#8220;on&#8220; _builder_version=&#8220;4.27.0&#8243; _module_preset=&#8220;default&#8220; width=&#8220;100%&#8220; module_alignment=&#8220;center&#8220; custom_margin=&#8220;-2px|auto|1px|0px|false|false&#8220; locked=&#8220;off&#8220; global_colors_info=&#8220;{}&#8220;][et_pb_column type=&#8220;1_3&#8243; _builder_version=&#8220;4.17.4&#8243; _module_preset=&#8220;default&#8220; global_colors_info=&#8220;{}&#8220;][et_pb_text _builder_version=&#8220;4.27.0&#8243; _module_preset=&#8220;default&#8220; text_font=&#8220;||||||||&#8220; text_line_height=&#8220;1.6em&#8220; width=&#8220;100%&#8220; custom_margin=&#8220;||||false|false&#8220; custom_margin_tablet=&#8220;-71px|12px||43px|false|false&#8220; custom_margin_phone=&#8220;-70px||||false|false&#8220; custom_margin_last_edited=&#8220;on|tablet&#8220; custom_padding=&#8220;0px|33px||0px|false|false&#8220; text_font_size_tablet=&#8220;15px&#8220; text_font_size_phone=&#8220;14px&#8220; text_font_size_last_edited=&#8220;on|phone&#8220; header_font_size_tablet=&#8220;55px&#8220; header_font_size_last_edited=&#8220;off|desktop&#8220; global_colors_info=&#8220;{}&#8220;]<\/p>\n<h4 style=\"text-align: left;\"><strong>Die Allesk\u00f6nner<\/strong><\/h4>\n<p>Entdecken Sie die Vielseitigkeit und Raffinesse von Beltane Grill&amp;Wok. Genie\u00dfen Sie feinen Curry-Duft mit den typischen Aromen des Bockshornklees oder lassen Sie sich von der minzigen Frische des gr\u00fcnen Pfeffers in die Urw\u00e4lder S\u00fcdindiens entf\u00fchren. Ob s\u00fc\u00df und scharf oder unverkennbar Thai mit Zitronengras, ob Wildkr\u00e4uter mit B\u00e4rlauch oder die Urlaubsaromen der Mediterranen K\u00fcche \u2013 einfach anr\u00fchren mit Ihrem Lieblings\u00f6l und genie\u00dfen.<span class=\"Apple-converted-space\">\u00a0<\/span><\/p>\n<p>[\/et_pb_text][et_pb_image src=&#8220;http:\/\/v4v14nru.web5.alfahosting-server.de\/beltane-de-dev\/wp-content\/uploads\/2024\/05\/Beltane-Icons-Allergene.png&#8220; title_text=&#8220;Beltane-Icons-Allergene&#8220; _builder_version=&#8220;4.27.0&#8243; _module_preset=&#8220;default&#8220; transform_scale=&#8220;78%|78%&#8220; transform_scale_tablet=&#8220;34%|34%&#8220; transform_scale_phone=&#8220;34%|34%&#8220; transform_scale_last_edited=&#8220;on|tablet&#8220; transform_translate=&#8220;-70px|-78px&#8220; transform_translate_tablet=&#8220;-300px|-208px&#8220; transform_translate_phone=&#8220;-300px|-208px&#8220; transform_translate_last_edited=&#8220;on|tablet&#8220; transform_translate_linked=&#8220;off&#8220; transform_rotate_tablet=&#8220;&#8220; transform_rotate_phone=&#8220;&#8220; transform_rotate_last_edited=&#8220;on|tablet&#8220; transform_skew_tablet=&#8220;&#8220; transform_skew_phone=&#8220;&#8220; transform_skew_last_edited=&#8220;on|tablet&#8220; transform_origin_tablet=&#8220;&#8220; transform_origin_phone=&#8220;&#8220; transform_origin_last_edited=&#8220;on|tablet&#8220; transform_styles_last_edited=&#8220;on|tablet&#8220; custom_margin_tablet=&#8220;-134px|||-185px|false|false&#8220; custom_margin_phone=&#8220;-80px|-107px||-58px|false|false&#8220; custom_margin_last_edited=&#8220;on|phone&#8220; transform_styles_tablet=&#8220;&#8220; transform_styles_phone=&#8220;&#8220; global_colors_info=&#8220;{}&#8220;][\/et_pb_image][\/et_pb_column][et_pb_column type=&#8220;1_3&#8243; _builder_version=&#8220;4.17.4&#8243; _module_preset=&#8220;default&#8220; global_colors_info=&#8220;{}&#8220;][et_pb_image src=&#8220;http:\/\/v4v14nru.web5.alfahosting-server.de\/beltane-de-dev\/wp-content\/uploads\/2024\/08\/Grill-Wok-Button.png&#8220; title_text=&#8220;Grill-Wok-Button&#8220; _builder_version=&#8220;4.27.0&#8243; _module_preset=&#8220;default&#8220; transform_scale=&#8220;77%|77%&#8220; transform_scale_tablet=&#8220;41%|41%&#8220; transform_scale_phone=&#8220;41%|41%&#8220; transform_scale_last_edited=&#8220;on|desktop&#8220; transform_translate=&#8220;0px|-36px&#8220; transform_translate_tablet=&#8220;0px|-300px&#8220; transform_translate_phone=&#8220;0px|-300px&#8220; transform_translate_last_edited=&#8220;on|tablet&#8220; transform_translate_linked=&#8220;off&#8220; transform_rotate_tablet=&#8220;&#8220; transform_rotate_phone=&#8220;&#8220; transform_rotate_last_edited=&#8220;on|desktop&#8220; transform_skew_tablet=&#8220;&#8220; transform_skew_phone=&#8220;&#8220; transform_skew_last_edited=&#8220;on|desktop&#8220; transform_origin_tablet=&#8220;&#8220; transform_origin_phone=&#8220;&#8220; transform_origin_last_edited=&#8220;on|desktop&#8220; transform_styles_last_edited=&#8220;on|tablet&#8220; custom_margin_tablet=&#8220;-229px||||false|false&#8220; custom_margin_phone=&#8220;-151px||||false|false&#8220; custom_margin_last_edited=&#8220;on|tablet&#8220; transform_styles_tablet=&#8220;&#8220; transform_styles_phone=&#8220;&#8220; global_colors_info=&#8220;{}&#8220;][\/et_pb_image][et_pb_image src=&#8220;http:\/\/v4v14nru.web5.alfahosting-server.de\/beltane-de-dev\/wp-content\/uploads\/2024\/03\/Icons_Startseite_GrillWokpG73cBt7edfau_800x800@2x.png&#8220; title_text=&#8220;Icons_Startseite_GrillWokpG73cBt7edfau_800x800@2x&#8220; align=&#8220;right&#8220; show_bottom_space_tablet=&#8220;&#8220; show_bottom_space_phone=&#8220;&#8220; show_bottom_space_last_edited=&#8220;on|tablet&#8220; _builder_version=&#8220;4.27.0&#8243; _module_preset=&#8220;default&#8220; transform_scale=&#8220;84%|84%&#8220; transform_scale_tablet=&#8220;45%|49%&#8220; transform_scale_phone=&#8220;45%|45%&#8220; transform_scale_last_edited=&#8220;on|desktop&#8220; transform_scale_linked_tablet=&#8220;off&#8220; transform_translate=&#8220;25px|-39px&#8220; transform_translate_tablet=&#8220;-25px|-211px&#8220; transform_translate_phone=&#8220;-25px|87px&#8220; transform_translate_last_edited=&#8220;on|phone&#8220; transform_translate_linked=&#8220;off&#8220; transform_rotate_tablet=&#8220;&#8220; transform_rotate_phone=&#8220;&#8220; transform_rotate_last_edited=&#8220;on|desktop&#8220; transform_skew_tablet=&#8220;&#8220; transform_skew_phone=&#8220;&#8220; transform_skew_last_edited=&#8220;on|desktop&#8220; transform_origin_tablet=&#8220;&#8220; transform_origin_phone=&#8220;&#8220; transform_origin_last_edited=&#8220;on|desktop&#8220; transform_styles_last_edited=&#8220;on|phone&#8220; width=&#8220;78%&#8220; min_height=&#8220;303px&#8220; custom_margin=&#8220;-36px|||31px|false|false&#8220; custom_margin_tablet=&#8220;-357px||||false|false&#8220; custom_margin_phone=&#8220;-357px||||false|false&#8220; custom_margin_last_edited=&#8220;on|phone&#8220; custom_padding=&#8220;||0px|0px||&#8220; transform_styles_tablet=&#8220;&#8220; transform_styles_phone=&#8220;&#8220; global_colors_info=&#8220;{}&#8220;][\/et_pb_image][\/et_pb_column][et_pb_column type=&#8220;1_3&#8243; _builder_version=&#8220;4.17.4&#8243; _module_preset=&#8220;default&#8220; global_colors_info=&#8220;{}&#8220;][et_pb_text _builder_version=&#8220;4.27.0&#8243; _module_preset=&#8220;default&#8220; header_5_font=&#8220;Poppins|600|||||||&#8220; header_5_text_color=&#8220;#73C345&#8243; header_5_line_height=&#8220;1.5em&#8220; min_height=&#8220;196px&#8220; custom_margin=&#8220;0px||10px||false|false&#8220; custom_margin_tablet=&#8220;-215px|68px|2px|44px|false|false&#8220; custom_margin_phone=&#8220;-57px|45px|||false|false&#8220; custom_margin_last_edited=&#8220;on|tablet&#8220; custom_padding=&#8220;36px||||false|false&#8220; header_5_font_size_tablet=&#8220;15px&#8220; header_5_font_size_phone=&#8220;14px&#8220; header_5_font_size_last_edited=&#8220;on|desktop&#8220; border_color_all=&#8220;#73C345&#8243; border_width_bottom=&#8220;1px&#8220; locked=&#8220;off&#8220; global_colors_info=&#8220;{}&#8220;]<\/p>\n<p class=\"p1\" style=\"text-align: left;\">Sch\u00f6pfen Sie aus der Vielfalt der 6 Varianten f\u00fcr Gem\u00fcse, Fisch, Tofu oder Fleisch. Die veganen Mischungen bringen Power in die Veggie K\u00fcche. Sie sind Klasse auf dem Grill, in der Pfanne und im Backofen. Jede Packung w\u00fcrzt 3x500g Frische Ihrer Wahl.<\/p>\n<p class=\"p1\" style=\"text-align: left;\"><b><\/b><\/p>\n<p class=\"p1\" style=\"text-align: left;\"><b>Die Vorteile unserer Marinaden<\/b><\/p>\n<p>[\/et_pb_text][et_pb_text _builder_version=&#8220;4.27.0&#8243; _module_preset=&#8220;default&#8220; text_font=&#8220;||||||||&#8220; text_font_size=&#8220;14px&#8220; width=&#8220;100%&#8220; custom_margin=&#8220;||3.4%||false|false&#8220; custom_margin_tablet=&#8220;5px||-108px|49px|false|false&#8220; custom_margin_phone=&#8220;|32px|-106px||false|false&#8220; custom_margin_last_edited=&#8220;on|phone&#8220; custom_padding=&#8220;||3px|||&#8220; header_font_size_tablet=&#8220;55px&#8220; header_font_size_last_edited=&#8220;off|desktop&#8220; locked=&#8220;off&#8220; global_colors_info=&#8220;{}&#8220;]<\/p>\n<ul>\n<li><span><\/span>Pro Packung sind 3 Beutel enthalten..<\/li>\n<li><span><\/span>Jeder Beutel w\u00fcrzt 500 g Gem\u00fcse, Tofu, Fisch oder Fleisch.<\/li>\n<li><span><\/span>Gelingt perfekt auf dem Grill, im Backofen und in der Pfanne.<\/li>\n<li><span><\/span>Einfach anr\u00fchren mit dem Lieblings\u00f6l.<\/li>\n<li><span><\/span>6 vielseitige Geschmacksrichtungen.<\/li>\n<li><span><\/span>Vegane Mischungen f\u00fcr W\u00fcrzpower in der Veggie K\u00fcche.<\/li>\n<\/ul>\n<p>[\/et_pb_text][et_pb_divider show_divider=&#8220;off&#8220; _builder_version=&#8220;4.24.3&#8243; _module_preset=&#8220;default&#8220; global_colors_info=&#8220;{}&#8220;][\/et_pb_divider][\/et_pb_column][\/et_pb_row][\/et_pb_section][et_pb_section fb_built=&#8220;1&#8243; fullwidth=&#8220;on&#8220; _builder_version=&#8220;4.27.0&#8243; _module_preset=&#8220;default&#8220; top_divider_style=&#8220;arrow2&#8243; top_divider_color=&#8220;gcid-1cd7305f-fd20-421c-b36d-bb3da4e244c4&#8243; global_colors_info=&#8220;{%22gcid-1cd7305f-fd20-421c-b36d-bb3da4e244c4%22:%91%22top_divider_color%22%93}&#8220;][et_pb_fullwidth_image src=&#8220;http:\/\/v4v14nru.web5.alfahosting-server.de\/beltane-de-dev\/wp-content\/uploads\/2024\/08\/Beltane-Biofix-Grill-Pfanne.jpg&#8220; title_text=&#8220;Beltane-Biofix-Grill-Pfanne&#8220; _builder_version=&#8220;4.27.0&#8243; _module_preset=&#8220;default&#8220; transform_translate_linked=&#8220;off&#8220; height=&#8220;800px&#8220; custom_margin=&#8220;-3px||||false|false&#8220; custom_padding=&#8220;0px||0px||false|false&#8220; global_colors_info=&#8220;{}&#8220;][\/et_pb_fullwidth_image][\/et_pb_section][et_pb_section fb_built=&#8220;1&#8243; next_background_color=&#8220;#ffffff&#8220; _builder_version=&#8220;4.27.0&#8243; _module_preset=&#8220;default&#8220; background_image=&#8220;http:\/\/v4v14nru.web5.alfahosting-server.de\/beltane-de-dev\/wp-content\/uploads\/2024\/08\/Beltane-Hintergrund.jpg&#8220; min_height=&#8220;83px&#8220; custom_margin=&#8220;-162px|||||&#8220; custom_padding=&#8220;104px||0px|||&#8220; bottom_divider_style=&#8220;slant2&#8243; hover_enabled=&#8220;0&#8243; global_colors_info=&#8220;{}&#8220; title_text=&#8220;Beltane-Hintergrund&#8220; sticky_enabled=&#8220;0&#8243;][et_pb_row _builder_version=&#8220;4.27.0&#8243; _module_preset=&#8220;default&#8220; custom_margin_tablet=&#8220;&#8220; custom_margin_phone=&#8220;&#8220; custom_margin_last_edited=&#8220;on|phone&#8220; global_colors_info=&#8220;{}&#8220;][et_pb_column type=&#8220;4_4&#8243; _builder_version=&#8220;4.24.3&#8243; _module_preset=&#8220;default&#8220; global_colors_info=&#8220;{}&#8220;][et_pb_text _builder_version=&#8220;4.27.0&#8243; _module_preset=&#8220;e6504a1b-67eb-4b3d-b023-bcab277610b6&#8243; header_4_font=&#8220;|700||on|||||&#8220; header_4_text_color=&#8220;#73C345&#8243; header_4_font_size=&#8220;20px&#8220; header_4_letter_spacing=&#8220;0.15em&#8220; header_4_line_height=&#8220;1.5em&#8220; custom_margin=&#8220;-37px||0px||false|false&#8220; custom_margin_tablet=&#8220;-65px||||false|false&#8220; custom_margin_phone=&#8220;-65px||||false|false&#8220; custom_margin_last_edited=&#8220;on|phone&#8220; global_colors_info=&#8220;{}&#8220;]<\/p>\n<h4 style=\"text-align: center;\">Beltane<\/h4>\n<p>[\/et_pb_text][et_pb_text _builder_version=&#8220;4.25.0&#8243; _module_preset=&#8220;default&#8220; header_font=&#8220;|700|||||||&#8220; header_font_size=&#8220;42px&#8220; header_2_font=&#8220;|600|||||||&#8220; header_2_font_size=&#8220;32px&#8220; min_height=&#8220;91px&#8220; global_colors_info=&#8220;{}&#8220;]<\/p>\n<h2 style=\"text-align: center;\">GRILL &amp; WOK SORTIMENT<\/h2>\n<p>[\/et_pb_text][\/et_pb_column][\/et_pb_row][et_pb_row column_structure=&#8220;1_3,1_3,1_3&#8243; _builder_version=&#8220;4.25.1&#8243; _module_preset=&#8220;default&#8220; custom_padding=&#8220;||86px|||&#8220; global_colors_info=&#8220;{}&#8220;][et_pb_column type=&#8220;1_3&#8243; _builder_version=&#8220;4.25.1&#8243; _module_preset=&#8220;default&#8220; global_colors_info=&#8220;{}&#8220;][et_pb_image src=&#8220;http:\/\/v4v14nru.web5.alfahosting-server.de\/beltane-de-dev\/wp-content\/uploads\/2024\/05\/Beltane_Wuerzmischung-fuer-Mediterrane-Marinade_web.png&#8220; title_text=&#8220;Beltane_Wuerzmischung-fuer-Mediterrane-Marinade_web&#8220; _builder_version=&#8220;4.25.1&#8243; _module_preset=&#8220;default&#8220; transform_scale=&#8220;80%|80%&#8220; global_colors_info=&#8220;{}&#8220;][\/et_pb_image][\/et_pb_column][et_pb_column type=&#8220;1_3&#8243; _builder_version=&#8220;4.25.1&#8243; _module_preset=&#8220;default&#8220; global_colors_info=&#8220;{}&#8220;][et_pb_image src=&#8220;http:\/\/v4v14nru.web5.alfahosting-server.de\/beltane-de-dev\/wp-content\/uploads\/2024\/05\/Beltane-Wuerzmischung-fuer-Wildkraeuter-Marinade_web.png&#8220; title_text=&#8220;Beltane-Wuerzmischung-fuer-Wildkraeuter-Marinade_web&#8220; _builder_version=&#8220;4.25.1&#8243; _module_preset=&#8220;default&#8220; transform_scale=&#8220;80%|80%&#8220; global_colors_info=&#8220;{}&#8220;][\/et_pb_image][\/et_pb_column][et_pb_column type=&#8220;1_3&#8243; _builder_version=&#8220;4.25.1&#8243; _module_preset=&#8220;default&#8220; global_colors_info=&#8220;{}&#8220;][et_pb_image src=&#8220;http:\/\/v4v14nru.web5.alfahosting-server.de\/beltane-de-dev\/wp-content\/uploads\/2024\/05\/Beltane-Wuerzmischung-fuer-Curry-Marinade_web.png&#8220; title_text=&#8220;Beltane-Wuerzmischung-fuer-Curry-Marinade_web&#8220; _builder_version=&#8220;4.25.1&#8243; _module_preset=&#8220;default&#8220; transform_scale=&#8220;80%|80%&#8220; global_colors_info=&#8220;{}&#8220;][\/et_pb_image][\/et_pb_column][\/et_pb_row][\/et_pb_section][et_pb_section fb_built=&#8220;1&#8243; _builder_version=&#8220;4.25.1&#8243; _module_preset=&#8220;default&#8220; custom_padding=&#8220;0px|||||&#8220; global_colors_info=&#8220;{}&#8220;][et_pb_row column_structure=&#8220;1_3,1_3,1_3&#8243; _builder_version=&#8220;4.25.1&#8243; _module_preset=&#8220;default&#8220; global_colors_info=&#8220;{}&#8220;][et_pb_column type=&#8220;1_3&#8243; _builder_version=&#8220;4.25.1&#8243; _module_preset=&#8220;default&#8220; global_colors_info=&#8220;{}&#8220;][et_pb_image src=&#8220;http:\/\/v4v14nru.web5.alfahosting-server.de\/beltane-de-dev\/wp-content\/uploads\/2024\/05\/Beltane-Wuerzmischung-fuer-Sweet-Chili-Marinade_web.png&#8220; title_text=&#8220;Beltane-Wuerzmischung-fuer-Sweet-Chili-Marinade_web&#8220; _builder_version=&#8220;4.25.1&#8243; _module_preset=&#8220;default&#8220; transform_scale=&#8220;80%|80%&#8220; global_colors_info=&#8220;{}&#8220;][\/et_pb_image][\/et_pb_column][et_pb_column type=&#8220;1_3&#8243; _builder_version=&#8220;4.25.1&#8243; _module_preset=&#8220;default&#8220; global_colors_info=&#8220;{}&#8220;][et_pb_image src=&#8220;http:\/\/v4v14nru.web5.alfahosting-server.de\/beltane-de-dev\/wp-content\/uploads\/2024\/05\/Beltane-Wuerzmischung-fuer-Green-Pepper-Marinade_web.png&#8220; title_text=&#8220;Beltane-Wuerzmischung-fuer-Green-Pepper-Marinade_web&#8220; _builder_version=&#8220;4.25.1&#8243; _module_preset=&#8220;default&#8220; transform_scale=&#8220;80%|80%&#8220; global_colors_info=&#8220;{}&#8220;][\/et_pb_image][\/et_pb_column][et_pb_column type=&#8220;1_3&#8243; _builder_version=&#8220;4.25.1&#8243; _module_preset=&#8220;default&#8220; global_colors_info=&#8220;{}&#8220;][et_pb_image src=&#8220;http:\/\/v4v14nru.web5.alfahosting-server.de\/beltane-de-dev\/wp-content\/uploads\/2024\/05\/Beltane-Wuerzmischung-fuer-Thai-Marinade_web.png&#8220; title_text=&#8220;Beltane-Wuerzmischung-fuer-Thai-Marinade_web&#8220; _builder_version=&#8220;4.25.1&#8243; _module_preset=&#8220;default&#8220; transform_scale=&#8220;80%|80%&#8220; global_colors_info=&#8220;{}&#8220;][\/et_pb_image][\/et_pb_column][\/et_pb_row][\/et_pb_section]<\/p>\n","protected":false},"excerpt":{"rendered":"<p>Die Allesk\u00f6nner Entdecken Sie die Vielseitigkeit und Raffinesse von Beltane Grill&amp;Wok. Genie\u00dfen Sie feinen Curry-Duft mit den typischen Aromen des Bockshornklees oder lassen Sie sich von der minzigen Frische des gr\u00fcnen Pfeffers in die Urw\u00e4lder S\u00fcdindiens entf\u00fchren. Ob s\u00fc\u00df und scharf oder unverkennbar Thai mit Zitronengras, ob Wildkr\u00e4uter mit B\u00e4rlauch oder die Urlaubsaromen der Mediterranen [&hellip;]<\/p>\n","protected":false},"author":1,"featured_media":0,"parent":49,"menu_order":0,"comment_status":"closed","ping_status":"closed","template":"","meta":{"_et_pb_use_builder":"on","_et_pb_old_content":"","_et_gb_content_width":"","footnotes":""},"class_list":["post-916","page","type-page","status-publish","hentry"],"_links":{"self":[{"href":"http:\/\/v4v14nru.web5.alfahosting-server.de\/beltane-de-dev\/wp-json\/wp\/v2\/pages\/916","targetHints":{"allow":["GET"]}}],"collection":[{"href":"http:\/\/v4v14nru.web5.alfahosting-server.de\/beltane-de-dev\/wp-json\/wp\/v2\/pages"}],"about":[{"href":"http:\/\/v4v14nru.web5.alfahosting-server.de\/beltane-de-dev\/wp-json\/wp\/v2\/types\/page"}],"author":[{"embeddable":true,"href":"http:\/\/v4v14nru.web5.alfahosting-server.de\/beltane-de-dev\/wp-json\/wp\/v2\/users\/1"}],"replies":[{"embeddable":true,"href":"http:\/\/v4v14nru.web5.alfahosting-server.de\/beltane-de-dev\/wp-json\/wp\/v2\/comments?post=916"}],"version-history":[{"count":4,"href":"http:\/\/v4v14nru.web5.alfahosting-server.de\/beltane-de-dev\/wp-json\/wp\/v2\/pages\/916\/revisions"}],"predecessor-version":[{"id":310632,"href":"http:\/\/v4v14nru.web5.alfahosting-server.de\/beltane-de-dev\/wp-json\/wp\/v2\/pages\/916\/revisions\/310632"}],"up":[{"embeddable":true,"href":"http:\/\/v4v14nru.web5.alfahosting-server.de\/beltane-de-dev\/wp-json\/wp\/v2\/pages\/49"}],"wp:attachment":[{"href":"http:\/\/v4v14nru.web5.alfahosting-server.de\/beltane-de-dev\/wp-json\/wp\/v2\/media?parent=916"}],"curies":[{"name":"wp","href":"https:\/\/api.w.org\/{rel}","templated":true}]}}